{"id":17,"date":"2017-12-27T11:19:58","date_gmt":"2017-12-27T11:19:58","guid":{"rendered":"http:\/\/schlueterclub-niederroning.de\/?page_id=17"},"modified":"2024-08-12T12:45:50","modified_gmt":"2024-08-12T12:45:50","slug":"impressum","status":"publish","type":"page","link":"http:\/\/schlueterclub-niederroning.de\/?page_id=17","title":{"rendered":"Impressum"},"content":{"rendered":"<p>Vorstand:<\/p>\n<p>Markus Aiwanger<\/p>\n<p>Anschrift:<br \/>\nSchl\u00fcterclub Niederroning e.V.<br \/>\nNiederroning 8<br \/>\n84056 Rottenburg<\/p>\n<p>Telefon: +49 1511 6712708<\/p>\n<p>Vorstand(at)Schlueterclub-Niederroning.de<\/p>\n<p>Eingetragen im Vereinsregister Landshut<br \/>\nSchl\u00fcterclub Niederroning e.V., Sitz: Niederroning, VR 200220<\/p>\n<p>Hinweis\/Copyright \u00a9<br \/>\nAlle hier gezeigten Inhalte sind urheberrechtlich gesch\u00fctzt und ausschlie\u00dflich zum privaten Gebrauch \u00fcberlassen<br \/>\n(insbesondere der Schriftzug Schl\u00fcter und das Logo des Schl\u00fcterb\u00e4ren sind eingetragene Marken der Firma<br \/>\nEgelseer GmbH). Der Schl\u00fcterclub Niederroning e.V. \u00fcbernimmt keine Verantwortung f\u00fcr die Inhalte in den Bereichen, in denen die Besucher\/Nutzer Eintragungen vorgenommen haben (G\u00e4stebuch).<br \/>\nWichtiger Hinweis zu allen Links auf dieser Homepage: Mit Urteil vom 12. Mai 1998 &#8211; 312 O 85\/98 &#8211; &#8222;Haftung f\u00fcr Links&#8220; hat das Landgericht (LG) Hamburg entschieden, da\u00df man durch die Anbringung eines Links, die Inhalte der gelinkten Seite ggf. mit zu verantworten hat. Dies kann &#8211; so das LG &#8211; nur dadurch verhindert werden, dass man sich ausdr\u00fccklich von diesen Inhalten distanziert. Hiermit distanzieren wir uns ausdr\u00fccklich von allen Inhalten aller gelinkten Seiten auf dieser Homepage. Links auf fremde Web Sites oder Teile davon dienen ausschlie\u00dflich als Hinweis. Sie stellen in keinem Fall eine \u00dcbernahme oder Unterst\u00fctzung der dort vertretenen Meinungen und anderen \u00c4u\u00dferungen dar. Die Verantwortung f\u00fcr die Inhalte dieser Seiten liegt beim jeweiligen Betreiber.<br \/>\nDiese Erkl\u00e4rung gilt f\u00fcr alle auf unserer Homepage angebrachten Links. Wen das Urteil interessiert kann es nachlesen unter: http:\/\/www.online-recht.de.<br \/>\nSolltet Ihr Inhalte auf dieser Seite entdecken, die gegen Gesetze versto\u00dfen oder in denen irgendwelche Rechte Dritter verletzt sind, informiert uns bitte sofort per E-Mail, damit wir diese Inhalte bis zur Kl\u00e4rung des Sachverhalts sperren k\u00f6nnen<\/p>\n","protected":false},"excerpt":{"rendered":"<p>Vorstand: Markus Aiwanger Anschrift: Schl\u00fcterclub Niederroning e.V. Niederroning 8 84056 Rottenburg Telefon: +49 1511 6712708 Vorstand(at)Schlueterclub-Niederroning.de Eingetragen im Vereinsregister Landshut Schl\u00fcterclub Niederroning e.V., Sitz: Niederroning, VR 200220 Hinweis\/Copyright \u00a9 Alle hier gezeigten Inhalte sind urheberrechtlich gesch\u00fctzt und ausschlie\u00dflich zum privaten <a class=\"more-link\" href=\"http:\/\/schlueterclub-niederroning.de\/?page_id=17\">weiterlesen&#8230;<\/a><\/p>\n","protected":false},"author":1,"featured_media":0,"parent":0,"menu_order":0,"comment_status":"closed","ping_status":"closed","template":"","meta":{"footnotes":""},"class_list":["post-17","page","type-page","status-publish","hentry"],"_links":{"self":[{"href":"http:\/\/schlueterclub-niederroning.de\/index.php?rest_route=\/wp\/v2\/pages\/17"}],"collection":[{"href":"http:\/\/schlueterclub-niederroning.de\/index.php?rest_route=\/wp\/v2\/pages"}],"about":[{"href":"http:\/\/schlueterclub-niederroning.de\/index.php?rest_route=\/wp\/v2\/types\/page"}],"author":[{"embeddable":true,"href":"http:\/\/schlueterclub-niederroning.de\/index.php?rest_route=\/wp\/v2\/users\/1"}],"replies":[{"embeddable":true,"href":"http:\/\/schlueterclub-niederroning.de\/index.php?rest_route=%2Fwp%2Fv2%2Fcomments&post=17"}],"version-history":[{"count":2,"href":"http:\/\/schlueterclub-niederroning.de\/index.php?rest_route=\/wp\/v2\/pages\/17\/revisions"}],"predecessor-version":[{"id":88,"href":"http:\/\/schlueterclub-niederroning.de\/index.php?rest_route=\/wp\/v2\/pages\/17\/revisions\/88"}],"wp:attachment":[{"href":"http:\/\/schlueterclub-niederroning.de\/index.php?rest_route=%2Fwp%2Fv2%2Fmedia&parent=17"}],"curies":[{"name":"wp","href":"https:\/\/api.w.org\/{rel}","templated":true}]}}